{"id":872,"date":"2024-10-02T10:35:26","date_gmt":"2024-10-02T10:35:26","guid":{"rendered":"https:\/\/citriumworld.com\/?post_type=product&#038;p=872"},"modified":"2025-01-17T08:27:48","modified_gmt":"2025-01-17T08:27:48","slug":"naranja-cero","status":"publish","type":"product","link":"https:\/\/citriumworld.es\/index.php\/producto\/naranja-cero\/","title":{"rendered":"Refresco Naranja Cero"},"content":{"rendered":"<p>El refresco de naranja cero te ofrece todo el sabor afrutado y burbujeante que amas, pero sin az\u00facares a\u00f1adidos ni calor\u00edas. Ideal para quienes buscan una opci\u00f3n m\u00e1s ligera sin sacrificar el disfrute de una bebida refrescante y sabrosa, perfecta para cualquier momento del d\u00eda.<\/p>\n<p>El formato Bag in Box garantiza un servicio eficiente, manteniendo siempre el producto fresco y listo para servir en grandes cantidades.<\/p>\n","protected":false},"excerpt":{"rendered":"<p>Refresco de naranja sin az\u00facar, concentrado con una diluci\u00f3n de 1 dosis de producto con 4 de agua, en formato Bag in Box.<\/p>\n","protected":false},"featured_media":968,"template":"","meta":[],"product_brand":[],"product_cat":[30],"product_tag":[],"class_list":{"0":"post-872","1":"product","2":"type-product","3":"status-publish","4":"has-post-thumbnail","6":"product_cat-refrescos","8":"first","9":"instock","10":"shipping-taxable","11":"purchasable","12":"product-type-simple"},"yoast_head":"<!-- This site is optimized with the Yoast SEO plugin v26.7 - https:\/\/yoast.com\/wordpress\/plugins\/seo\/ -->\n<title>Refresco Naranja Cero - Citrium World<\/title>\n<meta name=\"robots\" content=\"index, follow, max-snippet:-1, max-image-preview:large, max-video-preview:-1\" \/>\n<link rel=\"canonical\" href=\"https:\/\/citriumworld.es\/index.php\/producto\/naranja-cero\/\" \/>\n<meta property=\"og:locale\" content=\"es_ES\" \/>\n<meta property=\"og:type\" content=\"article\" \/>\n<meta property=\"og:title\" content=\"Refresco Naranja Cero - Citrium World\" \/>\n<meta property=\"og:description\" content=\"Refresco de naranja sin az\u00facar, concentrado con una diluci\u00f3n de 1 dosis de producto con 4 de agua, en formato Bag in Box.\" \/>\n<meta property=\"og:url\" content=\"https:\/\/citriumworld.es\/index.php\/producto\/naranja-cero\/\" \/>\n<meta property=\"og:site_name\" content=\"Citrium World\" \/>\n<meta property=\"article:modified_time\" content=\"2025-01-17T08:27:48+00:00\" \/>\n<meta property=\"og:image\" content=\"https:\/\/citriumworld.es\/wp-content\/uploads\/2024\/06\/citrium-portada.png\" \/>\n\t<meta property=\"og:image:width\" content=\"1280\" \/>\n\t<meta property=\"og:image:height\" content=\"720\" \/>\n\t<meta property=\"og:image:type\" content=\"image\/png\" \/>\n<meta name=\"twitter:card\" content=\"summary_large_image\" \/>\n<meta name=\"twitter:label1\" content=\"Tiempo de lectura\" \/>\n\t<meta name=\"twitter:data1\" content=\"1 minuto\" \/>\n<script type=\"application\/ld+json\" class=\"yoast-schema-graph\">{\"@context\":\"https:\/\/schema.org\",\"@graph\":[{\"@type\":\"WebPage\",\"@id\":\"https:\/\/citriumworld.es\/index.php\/producto\/naranja-cero\/\",\"url\":\"https:\/\/citriumworld.es\/index.php\/producto\/naranja-cero\/\",\"name\":\"Refresco Naranja Cero - Citrium World\",\"isPartOf\":{\"@id\":\"https:\/\/citriumworld.es\/#website\"},\"primaryImageOfPage\":{\"@id\":\"https:\/\/citriumworld.es\/index.php\/producto\/naranja-cero\/#primaryimage\"},\"image\":{\"@id\":\"https:\/\/citriumworld.es\/index.php\/producto\/naranja-cero\/#primaryimage\"},\"thumbnailUrl\":\"https:\/\/citriumworld.es\/wp-content\/uploads\/2024\/10\/vaso-refresco-naranja-hielo-sobre-fondo-blanco_55716-862.avif\",\"datePublished\":\"2024-10-02T10:35:26+00:00\",\"dateModified\":\"2025-01-17T08:27:48+00:00\",\"breadcrumb\":{\"@id\":\"https:\/\/citriumworld.es\/index.php\/producto\/naranja-cero\/#breadcrumb\"},\"inLanguage\":\"es\",\"potentialAction\":[{\"@type\":\"ReadAction\",\"target\":[\"https:\/\/citriumworld.es\/index.php\/producto\/naranja-cero\/\"]}]},{\"@type\":\"ImageObject\",\"inLanguage\":\"es\",\"@id\":\"https:\/\/citriumworld.es\/index.php\/producto\/naranja-cero\/#primaryimage\",\"url\":\"https:\/\/citriumworld.es\/wp-content\/uploads\/2024\/10\/vaso-refresco-naranja-hielo-sobre-fondo-blanco_55716-862.avif\",\"contentUrl\":\"https:\/\/citriumworld.es\/wp-content\/uploads\/2024\/10\/vaso-refresco-naranja-hielo-sobre-fondo-blanco_55716-862.avif\",\"width\":470,\"height\":626},{\"@type\":\"BreadcrumbList\",\"@id\":\"https:\/\/citriumworld.es\/index.php\/producto\/naranja-cero\/#breadcrumb\",\"itemListElement\":[{\"@type\":\"ListItem\",\"position\":1,\"name\":\"Portada\",\"item\":\"https:\/\/citriumworld.es\/\"},{\"@type\":\"ListItem\",\"position\":2,\"name\":\"Tienda\",\"item\":\"https:\/\/citriumworld.es\/index.php\/tienda\/\"},{\"@type\":\"ListItem\",\"position\":3,\"name\":\"Refresco Naranja Cero\"}]},{\"@type\":\"WebSite\",\"@id\":\"https:\/\/citriumworld.es\/#website\",\"url\":\"https:\/\/citriumworld.es\/\",\"name\":\"Citrium World\",\"description\":\"Compa\u00f1\u00eda especializada en fabricaci\u00f3n y distribuci\u00f3n de bebidas\",\"publisher\":{\"@id\":\"https:\/\/citriumworld.es\/#organization\"},\"alternateName\":\"Citrium World\",\"potentialAction\":[{\"@type\":\"SearchAction\",\"target\":{\"@type\":\"EntryPoint\",\"urlTemplate\":\"https:\/\/citriumworld.es\/?s={search_term_string}\"},\"query-input\":{\"@type\":\"PropertyValueSpecification\",\"valueRequired\":true,\"valueName\":\"search_term_string\"}}],\"inLanguage\":\"es\"},{\"@type\":\"Organization\",\"@id\":\"https:\/\/citriumworld.es\/#organization\",\"name\":\"Citrium World\",\"url\":\"https:\/\/citriumworld.es\/\",\"logo\":{\"@type\":\"ImageObject\",\"inLanguage\":\"es\",\"@id\":\"https:\/\/citriumworld.es\/#\/schema\/logo\/image\/\",\"url\":\"https:\/\/citriumworld.es\/wp-content\/uploads\/2024\/06\/LOGOCITRIUMWORLD.png\",\"contentUrl\":\"https:\/\/citriumworld.es\/wp-content\/uploads\/2024\/06\/LOGOCITRIUMWORLD.png\",\"width\":698,\"height\":357,\"caption\":\"Citrium World\"},\"image\":{\"@id\":\"https:\/\/citriumworld.es\/#\/schema\/logo\/image\/\"}}]}<\/script>\n<!-- \/ Yoast SEO plugin. -->","yoast_head_json":{"title":"Refresco Naranja Cero - Citrium World","robots":{"index":"index","follow":"follow","max-snippet":"max-snippet:-1","max-image-preview":"max-image-preview:large","max-video-preview":"max-video-preview:-1"},"canonical":"https:\/\/citriumworld.es\/index.php\/producto\/naranja-cero\/","og_locale":"es_ES","og_type":"article","og_title":"Refresco Naranja Cero - Citrium World","og_description":"Refresco de naranja sin az\u00facar, concentrado con una diluci\u00f3n de 1 dosis de producto con 4 de agua, en formato Bag in Box.","og_url":"https:\/\/citriumworld.es\/index.php\/producto\/naranja-cero\/","og_site_name":"Citrium World","article_modified_time":"2025-01-17T08:27:48+00:00","og_image":[{"width":1280,"height":720,"url":"https:\/\/citriumworld.es\/wp-content\/uploads\/2024\/06\/citrium-portada.png","type":"image\/png"}],"twitter_card":"summary_large_image","twitter_misc":{"Tiempo de lectura":"1 minuto"},"schema":{"@context":"https:\/\/schema.org","@graph":[{"@type":"WebPage","@id":"https:\/\/citriumworld.es\/index.php\/producto\/naranja-cero\/","url":"https:\/\/citriumworld.es\/index.php\/producto\/naranja-cero\/","name":"Refresco Naranja Cero - Citrium World","isPartOf":{"@id":"https:\/\/citriumworld.es\/#website"},"primaryImageOfPage":{"@id":"https:\/\/citriumworld.es\/index.php\/producto\/naranja-cero\/#primaryimage"},"image":{"@id":"https:\/\/citriumworld.es\/index.php\/producto\/naranja-cero\/#primaryimage"},"thumbnailUrl":"https:\/\/citriumworld.es\/wp-content\/uploads\/2024\/10\/vaso-refresco-naranja-hielo-sobre-fondo-blanco_55716-862.avif","datePublished":"2024-10-02T10:35:26+00:00","dateModified":"2025-01-17T08:27:48+00:00","breadcrumb":{"@id":"https:\/\/citriumworld.es\/index.php\/producto\/naranja-cero\/#breadcrumb"},"inLanguage":"es","potentialAction":[{"@type":"ReadAction","target":["https:\/\/citriumworld.es\/index.php\/producto\/naranja-cero\/"]}]},{"@type":"ImageObject","inLanguage":"es","@id":"https:\/\/citriumworld.es\/index.php\/producto\/naranja-cero\/#primaryimage","url":"https:\/\/citriumworld.es\/wp-content\/uploads\/2024\/10\/vaso-refresco-naranja-hielo-sobre-fondo-blanco_55716-862.avif","contentUrl":"https:\/\/citriumworld.es\/wp-content\/uploads\/2024\/10\/vaso-refresco-naranja-hielo-sobre-fondo-blanco_55716-862.avif","width":470,"height":626},{"@type":"BreadcrumbList","@id":"https:\/\/citriumworld.es\/index.php\/producto\/naranja-cero\/#breadcrumb","itemListElement":[{"@type":"ListItem","position":1,"name":"Portada","item":"https:\/\/citriumworld.es\/"},{"@type":"ListItem","position":2,"name":"Tienda","item":"https:\/\/citriumworld.es\/index.php\/tienda\/"},{"@type":"ListItem","position":3,"name":"Refresco Naranja Cero"}]},{"@type":"WebSite","@id":"https:\/\/citriumworld.es\/#website","url":"https:\/\/citriumworld.es\/","name":"Citrium World","description":"Compa\u00f1\u00eda especializada en fabricaci\u00f3n y distribuci\u00f3n de bebidas","publisher":{"@id":"https:\/\/citriumworld.es\/#organization"},"alternateName":"Citrium World","potentialAction":[{"@type":"SearchAction","target":{"@type":"EntryPoint","urlTemplate":"https:\/\/citriumworld.es\/?s={search_term_string}"},"query-input":{"@type":"PropertyValueSpecification","valueRequired":true,"valueName":"search_term_string"}}],"inLanguage":"es"},{"@type":"Organization","@id":"https:\/\/citriumworld.es\/#organization","name":"Citrium World","url":"https:\/\/citriumworld.es\/","logo":{"@type":"ImageObject","inLanguage":"es","@id":"https:\/\/citriumworld.es\/#\/schema\/logo\/image\/","url":"https:\/\/citriumworld.es\/wp-content\/uploads\/2024\/06\/LOGOCITRIUMWORLD.png","contentUrl":"https:\/\/citriumworld.es\/wp-content\/uploads\/2024\/06\/LOGOCITRIUMWORLD.png","width":698,"height":357,"caption":"Citrium World"},"image":{"@id":"https:\/\/citriumworld.es\/#\/schema\/logo\/image\/"}}]}},"_links":{"self":[{"href":"https:\/\/citriumworld.es\/index.php\/wp-json\/wp\/v2\/product\/872","targetHints":{"allow":["GET"]}}],"collection":[{"href":"https:\/\/citriumworld.es\/index.php\/wp-json\/wp\/v2\/product"}],"about":[{"href":"https:\/\/citriumworld.es\/index.php\/wp-json\/wp\/v2\/types\/product"}],"wp:featuredmedia":[{"embeddable":true,"href":"https:\/\/citriumworld.es\/index.php\/wp-json\/wp\/v2\/media\/968"}],"wp:attachment":[{"href":"https:\/\/citriumworld.es\/index.php\/wp-json\/wp\/v2\/media?parent=872"}],"wp:term":[{"taxonomy":"product_brand","embeddable":true,"href":"https:\/\/citriumworld.es\/index.php\/wp-json\/wp\/v2\/product_brand?post=872"},{"taxonomy":"product_cat","embeddable":true,"href":"https:\/\/citriumworld.es\/index.php\/wp-json\/wp\/v2\/product_cat?post=872"},{"taxonomy":"product_tag","embeddable":true,"href":"https:\/\/citriumworld.es\/index.php\/wp-json\/wp\/v2\/product_tag?post=872"}],"curies":[{"name":"wp","href":"https:\/\/api.w.org\/{rel}","templated":true}]}}