{"id":868,"date":"2024-10-02T10:32:51","date_gmt":"2024-10-02T10:32:51","guid":{"rendered":"https:\/\/citriumworld.com\/?post_type=product&#038;p=868"},"modified":"2025-01-17T08:32:33","modified_gmt":"2025-01-17T08:32:33","slug":"energy-extreme","status":"publish","type":"product","link":"https:\/\/citriumworld.es\/index.php\/producto\/energy-extreme\/","title":{"rendered":"Refresco Energy Extreme"},"content":{"rendered":"<p>Nuestro refresco energ\u00e9tico es la opci\u00f3n ideal para cuando necesitas un impulso extra. Con un sabor vibrante y una mezcla especial de ingredientes que te revitalizan, esta bebida te ayuda a mantener la energ\u00eda durante todo el d\u00eda. Perfecta para momentos de alta demanda f\u00edsica o mental, es una fuente r\u00e1pida de frescura y vitalidad.<\/p>\n<p>El formato Bag in Box garantiza un servicio eficiente, manteniendo siempre el producto fresco y listo para servir en grandes cantidades.<\/p>\n","protected":false},"excerpt":{"rendered":"<p>Refresco energ\u00e9tico, concentrado con una diluci\u00f3n de 1 dosis de producto con 4 de agua, en formato Bag in Box.<\/p>\n","protected":false},"featured_media":972,"template":"","meta":[],"product_brand":[],"product_cat":[30],"product_tag":[],"class_list":{"0":"post-868","1":"product","2":"type-product","3":"status-publish","4":"has-post-thumbnail","6":"product_cat-refrescos","8":"first","9":"instock","10":"shipping-taxable","11":"purchasable","12":"product-type-simple"},"yoast_head":"<!-- This site is optimized with the Yoast SEO plugin v26.7 - https:\/\/yoast.com\/wordpress\/plugins\/seo\/ -->\n<title>Refresco Energy Extreme - Citrium World<\/title>\n<meta name=\"robots\" content=\"index, follow, max-snippet:-1, max-image-preview:large, max-video-preview:-1\" \/>\n<link rel=\"canonical\" href=\"https:\/\/citriumworld.es\/index.php\/producto\/energy-extreme\/\" \/>\n<meta property=\"og:locale\" content=\"es_ES\" \/>\n<meta property=\"og:type\" content=\"article\" \/>\n<meta property=\"og:title\" content=\"Refresco Energy Extreme - Citrium World\" \/>\n<meta property=\"og:description\" content=\"Refresco energ\u00e9tico, concentrado con una diluci\u00f3n de 1 dosis de producto con 4 de agua, en formato Bag in Box.\" \/>\n<meta property=\"og:url\" content=\"https:\/\/citriumworld.es\/index.php\/producto\/energy-extreme\/\" \/>\n<meta property=\"og:site_name\" content=\"Citrium World\" \/>\n<meta property=\"article:modified_time\" content=\"2025-01-17T08:32:33+00:00\" \/>\n<meta property=\"og:image\" content=\"https:\/\/citriumworld.es\/wp-content\/uploads\/2024\/10\/65259538-vaso-de-bebida-de-naranja-de-energia-soda-con-hielo-en-el-fondo-blanco.jpg\" \/>\n\t<meta property=\"og:image:width\" content=\"318\" \/>\n\t<meta property=\"og:image:height\" content=\"450\" \/>\n\t<meta property=\"og:image:type\" content=\"image\/jpeg\" \/>\n<meta name=\"twitter:card\" content=\"summary_large_image\" \/>\n<meta name=\"twitter:label1\" content=\"Tiempo de lectura\" \/>\n\t<meta name=\"twitter:data1\" content=\"1 minuto\" \/>\n<script type=\"application\/ld+json\" class=\"yoast-schema-graph\">{\"@context\":\"https:\/\/schema.org\",\"@graph\":[{\"@type\":\"WebPage\",\"@id\":\"https:\/\/citriumworld.es\/index.php\/producto\/energy-extreme\/\",\"url\":\"https:\/\/citriumworld.es\/index.php\/producto\/energy-extreme\/\",\"name\":\"Refresco Energy Extreme - Citrium World\",\"isPartOf\":{\"@id\":\"https:\/\/citriumworld.es\/#website\"},\"primaryImageOfPage\":{\"@id\":\"https:\/\/citriumworld.es\/index.php\/producto\/energy-extreme\/#primaryimage\"},\"image\":{\"@id\":\"https:\/\/citriumworld.es\/index.php\/producto\/energy-extreme\/#primaryimage\"},\"thumbnailUrl\":\"https:\/\/citriumworld.es\/wp-content\/uploads\/2024\/10\/65259538-vaso-de-bebida-de-naranja-de-energia-soda-con-hielo-en-el-fondo-blanco.jpg\",\"datePublished\":\"2024-10-02T10:32:51+00:00\",\"dateModified\":\"2025-01-17T08:32:33+00:00\",\"breadcrumb\":{\"@id\":\"https:\/\/citriumworld.es\/index.php\/producto\/energy-extreme\/#breadcrumb\"},\"inLanguage\":\"es\",\"potentialAction\":[{\"@type\":\"ReadAction\",\"target\":[\"https:\/\/citriumworld.es\/index.php\/producto\/energy-extreme\/\"]}]},{\"@type\":\"ImageObject\",\"inLanguage\":\"es\",\"@id\":\"https:\/\/citriumworld.es\/index.php\/producto\/energy-extreme\/#primaryimage\",\"url\":\"https:\/\/citriumworld.es\/wp-content\/uploads\/2024\/10\/65259538-vaso-de-bebida-de-naranja-de-energia-soda-con-hielo-en-el-fondo-blanco.jpg\",\"contentUrl\":\"https:\/\/citriumworld.es\/wp-content\/uploads\/2024\/10\/65259538-vaso-de-bebida-de-naranja-de-energia-soda-con-hielo-en-el-fondo-blanco.jpg\",\"width\":318,\"height\":450},{\"@type\":\"BreadcrumbList\",\"@id\":\"https:\/\/citriumworld.es\/index.php\/producto\/energy-extreme\/#breadcrumb\",\"itemListElement\":[{\"@type\":\"ListItem\",\"position\":1,\"name\":\"Portada\",\"item\":\"https:\/\/citriumworld.es\/\"},{\"@type\":\"ListItem\",\"position\":2,\"name\":\"Tienda\",\"item\":\"https:\/\/citriumworld.es\/index.php\/tienda\/\"},{\"@type\":\"ListItem\",\"position\":3,\"name\":\"Refresco Energy Extreme\"}]},{\"@type\":\"WebSite\",\"@id\":\"https:\/\/citriumworld.es\/#website\",\"url\":\"https:\/\/citriumworld.es\/\",\"name\":\"Citrium World\",\"description\":\"Compa\u00f1\u00eda especializada en fabricaci\u00f3n y distribuci\u00f3n de bebidas\",\"publisher\":{\"@id\":\"https:\/\/citriumworld.es\/#organization\"},\"alternateName\":\"Citrium World\",\"potentialAction\":[{\"@type\":\"SearchAction\",\"target\":{\"@type\":\"EntryPoint\",\"urlTemplate\":\"https:\/\/citriumworld.es\/?s={search_term_string}\"},\"query-input\":{\"@type\":\"PropertyValueSpecification\",\"valueRequired\":true,\"valueName\":\"search_term_string\"}}],\"inLanguage\":\"es\"},{\"@type\":\"Organization\",\"@id\":\"https:\/\/citriumworld.es\/#organization\",\"name\":\"Citrium World\",\"url\":\"https:\/\/citriumworld.es\/\",\"logo\":{\"@type\":\"ImageObject\",\"inLanguage\":\"es\",\"@id\":\"https:\/\/citriumworld.es\/#\/schema\/logo\/image\/\",\"url\":\"https:\/\/citriumworld.es\/wp-content\/uploads\/2024\/06\/LOGOCITRIUMWORLD.png\",\"contentUrl\":\"https:\/\/citriumworld.es\/wp-content\/uploads\/2024\/06\/LOGOCITRIUMWORLD.png\",\"width\":698,\"height\":357,\"caption\":\"Citrium World\"},\"image\":{\"@id\":\"https:\/\/citriumworld.es\/#\/schema\/logo\/image\/\"}}]}<\/script>\n<!-- \/ Yoast SEO plugin. -->","yoast_head_json":{"title":"Refresco Energy Extreme - Citrium World","robots":{"index":"index","follow":"follow","max-snippet":"max-snippet:-1","max-image-preview":"max-image-preview:large","max-video-preview":"max-video-preview:-1"},"canonical":"https:\/\/citriumworld.es\/index.php\/producto\/energy-extreme\/","og_locale":"es_ES","og_type":"article","og_title":"Refresco Energy Extreme - Citrium World","og_description":"Refresco energ\u00e9tico, concentrado con una diluci\u00f3n de 1 dosis de producto con 4 de agua, en formato Bag in Box.","og_url":"https:\/\/citriumworld.es\/index.php\/producto\/energy-extreme\/","og_site_name":"Citrium World","article_modified_time":"2025-01-17T08:32:33+00:00","og_image":[{"width":318,"height":450,"url":"https:\/\/citriumworld.es\/wp-content\/uploads\/2024\/10\/65259538-vaso-de-bebida-de-naranja-de-energia-soda-con-hielo-en-el-fondo-blanco.jpg","type":"image\/jpeg"}],"twitter_card":"summary_large_image","twitter_misc":{"Tiempo de lectura":"1 minuto"},"schema":{"@context":"https:\/\/schema.org","@graph":[{"@type":"WebPage","@id":"https:\/\/citriumworld.es\/index.php\/producto\/energy-extreme\/","url":"https:\/\/citriumworld.es\/index.php\/producto\/energy-extreme\/","name":"Refresco Energy Extreme - Citrium World","isPartOf":{"@id":"https:\/\/citriumworld.es\/#website"},"primaryImageOfPage":{"@id":"https:\/\/citriumworld.es\/index.php\/producto\/energy-extreme\/#primaryimage"},"image":{"@id":"https:\/\/citriumworld.es\/index.php\/producto\/energy-extreme\/#primaryimage"},"thumbnailUrl":"https:\/\/citriumworld.es\/wp-content\/uploads\/2024\/10\/65259538-vaso-de-bebida-de-naranja-de-energia-soda-con-hielo-en-el-fondo-blanco.jpg","datePublished":"2024-10-02T10:32:51+00:00","dateModified":"2025-01-17T08:32:33+00:00","breadcrumb":{"@id":"https:\/\/citriumworld.es\/index.php\/producto\/energy-extreme\/#breadcrumb"},"inLanguage":"es","potentialAction":[{"@type":"ReadAction","target":["https:\/\/citriumworld.es\/index.php\/producto\/energy-extreme\/"]}]},{"@type":"ImageObject","inLanguage":"es","@id":"https:\/\/citriumworld.es\/index.php\/producto\/energy-extreme\/#primaryimage","url":"https:\/\/citriumworld.es\/wp-content\/uploads\/2024\/10\/65259538-vaso-de-bebida-de-naranja-de-energia-soda-con-hielo-en-el-fondo-blanco.jpg","contentUrl":"https:\/\/citriumworld.es\/wp-content\/uploads\/2024\/10\/65259538-vaso-de-bebida-de-naranja-de-energia-soda-con-hielo-en-el-fondo-blanco.jpg","width":318,"height":450},{"@type":"BreadcrumbList","@id":"https:\/\/citriumworld.es\/index.php\/producto\/energy-extreme\/#breadcrumb","itemListElement":[{"@type":"ListItem","position":1,"name":"Portada","item":"https:\/\/citriumworld.es\/"},{"@type":"ListItem","position":2,"name":"Tienda","item":"https:\/\/citriumworld.es\/index.php\/tienda\/"},{"@type":"ListItem","position":3,"name":"Refresco Energy Extreme"}]},{"@type":"WebSite","@id":"https:\/\/citriumworld.es\/#website","url":"https:\/\/citriumworld.es\/","name":"Citrium World","description":"Compa\u00f1\u00eda especializada en fabricaci\u00f3n y distribuci\u00f3n de bebidas","publisher":{"@id":"https:\/\/citriumworld.es\/#organization"},"alternateName":"Citrium World","potentialAction":[{"@type":"SearchAction","target":{"@type":"EntryPoint","urlTemplate":"https:\/\/citriumworld.es\/?s={search_term_string}"},"query-input":{"@type":"PropertyValueSpecification","valueRequired":true,"valueName":"search_term_string"}}],"inLanguage":"es"},{"@type":"Organization","@id":"https:\/\/citriumworld.es\/#organization","name":"Citrium World","url":"https:\/\/citriumworld.es\/","logo":{"@type":"ImageObject","inLanguage":"es","@id":"https:\/\/citriumworld.es\/#\/schema\/logo\/image\/","url":"https:\/\/citriumworld.es\/wp-content\/uploads\/2024\/06\/LOGOCITRIUMWORLD.png","contentUrl":"https:\/\/citriumworld.es\/wp-content\/uploads\/2024\/06\/LOGOCITRIUMWORLD.png","width":698,"height":357,"caption":"Citrium World"},"image":{"@id":"https:\/\/citriumworld.es\/#\/schema\/logo\/image\/"}}]}},"_links":{"self":[{"href":"https:\/\/citriumworld.es\/index.php\/wp-json\/wp\/v2\/product\/868","targetHints":{"allow":["GET"]}}],"collection":[{"href":"https:\/\/citriumworld.es\/index.php\/wp-json\/wp\/v2\/product"}],"about":[{"href":"https:\/\/citriumworld.es\/index.php\/wp-json\/wp\/v2\/types\/product"}],"wp:featuredmedia":[{"embeddable":true,"href":"https:\/\/citriumworld.es\/index.php\/wp-json\/wp\/v2\/media\/972"}],"wp:attachment":[{"href":"https:\/\/citriumworld.es\/index.php\/wp-json\/wp\/v2\/media?parent=868"}],"wp:term":[{"taxonomy":"product_brand","embeddable":true,"href":"https:\/\/citriumworld.es\/index.php\/wp-json\/wp\/v2\/product_brand?post=868"},{"taxonomy":"product_cat","embeddable":true,"href":"https:\/\/citriumworld.es\/index.php\/wp-json\/wp\/v2\/product_cat?post=868"},{"taxonomy":"product_tag","embeddable":true,"href":"https:\/\/citriumworld.es\/index.php\/wp-json\/wp\/v2\/product_tag?post=868"}],"curies":[{"name":"wp","href":"https:\/\/api.w.org\/{rel}","templated":true}]}}