{"id":844,"date":"2024-09-27T16:13:45","date_gmt":"2024-09-27T16:13:45","guid":{"rendered":"https:\/\/citriumworld.com\/?post_type=product&#038;p=844"},"modified":"2024-10-04T07:41:40","modified_gmt":"2024-10-04T07:41:40","slug":"guacamayo-22o","status":"publish","type":"product","link":"https:\/\/citriumworld.es\/index.php\/producto\/guacamayo-22o\/","title":{"rendered":"C\u00f3ctel Guacamayo 22\u00ba\/28\u00ba"},"content":{"rendered":"<p>Mezclando diferentes frutas tropicales con ron, esta bebida es perfecta para quienes buscan una experiencia ex\u00f3tica y refrescante. Su vibrante color y su delicioso sabor la convierten en una opci\u00f3n destacada para eventos y celebraciones.<\/p>\n<p>El formato Bag in Box garantiza un servicio eficiente, manteniendo siempre el producto fresco y listo para servir en grandes cantidades.<\/p>\n","protected":false},"excerpt":{"rendered":"<p>C\u00f3ctel Guacamayo, concentrado con una diluci\u00f3n de 1 dosis de producto con 5 de agua, en formato Bag in Box.<\/p>\n<p>&nbsp;<\/p>\n<p>&nbsp;<\/p>\n","protected":false},"featured_media":0,"template":"","meta":[],"product_brand":[],"product_cat":[31],"product_tag":[],"class_list":{"0":"post-844","1":"product","2":"type-product","3":"status-publish","5":"product_cat-cockteles","7":"first","8":"instock","9":"shipping-taxable","10":"purchasable","11":"product-type-simple"},"yoast_head":"<!-- This site is optimized with the Yoast SEO plugin v26.7 - https:\/\/yoast.com\/wordpress\/plugins\/seo\/ -->\n<title>C\u00f3ctel Guacamayo 22\u00ba\/28\u00ba - Citrium World<\/title>\n<meta name=\"robots\" content=\"index, follow, max-snippet:-1, max-image-preview:large, max-video-preview:-1\" \/>\n<link rel=\"canonical\" href=\"https:\/\/citriumworld.es\/index.php\/producto\/guacamayo-22o\/\" \/>\n<meta property=\"og:locale\" content=\"es_ES\" \/>\n<meta property=\"og:type\" content=\"article\" \/>\n<meta property=\"og:title\" content=\"C\u00f3ctel Guacamayo 22\u00ba\/28\u00ba - Citrium World\" \/>\n<meta property=\"og:description\" content=\"C\u00f3ctel Guacamayo, concentrado con una diluci\u00f3n de 1 dosis de producto con 5 de agua, en formato Bag in Box.  &nbsp;  &nbsp;\" \/>\n<meta property=\"og:url\" content=\"https:\/\/citriumworld.es\/index.php\/producto\/guacamayo-22o\/\" \/>\n<meta property=\"og:site_name\" content=\"Citrium World\" \/>\n<meta property=\"article:modified_time\" content=\"2024-10-04T07:41:40+00:00\" \/>\n<meta property=\"og:image\" content=\"https:\/\/citriumworld.es\/wp-content\/uploads\/2024\/06\/citrium-portada.png\" \/>\n\t<meta property=\"og:image:width\" content=\"1280\" \/>\n\t<meta property=\"og:image:height\" content=\"720\" \/>\n\t<meta property=\"og:image:type\" content=\"image\/png\" \/>\n<meta name=\"twitter:card\" content=\"summary_large_image\" \/>\n<meta name=\"twitter:label1\" content=\"Tiempo de lectura\" \/>\n\t<meta name=\"twitter:data1\" content=\"1 minuto\" \/>\n<script type=\"application\/ld+json\" class=\"yoast-schema-graph\">{\"@context\":\"https:\/\/schema.org\",\"@graph\":[{\"@type\":\"WebPage\",\"@id\":\"https:\/\/citriumworld.es\/index.php\/producto\/guacamayo-22o\/\",\"url\":\"https:\/\/citriumworld.es\/index.php\/producto\/guacamayo-22o\/\",\"name\":\"C\u00f3ctel Guacamayo 22\u00ba\/28\u00ba - Citrium World\",\"isPartOf\":{\"@id\":\"https:\/\/citriumworld.es\/#website\"},\"datePublished\":\"2024-09-27T16:13:45+00:00\",\"dateModified\":\"2024-10-04T07:41:40+00:00\",\"breadcrumb\":{\"@id\":\"https:\/\/citriumworld.es\/index.php\/producto\/guacamayo-22o\/#breadcrumb\"},\"inLanguage\":\"es\",\"potentialAction\":[{\"@type\":\"ReadAction\",\"target\":[\"https:\/\/citriumworld.es\/index.php\/producto\/guacamayo-22o\/\"]}]},{\"@type\":\"BreadcrumbList\",\"@id\":\"https:\/\/citriumworld.es\/index.php\/producto\/guacamayo-22o\/#breadcrumb\",\"itemListElement\":[{\"@type\":\"ListItem\",\"position\":1,\"name\":\"Portada\",\"item\":\"https:\/\/citriumworld.es\/\"},{\"@type\":\"ListItem\",\"position\":2,\"name\":\"Tienda\",\"item\":\"https:\/\/citriumworld.es\/index.php\/tienda\/\"},{\"@type\":\"ListItem\",\"position\":3,\"name\":\"C\u00f3ctel Guacamayo 22\u00ba\/28\u00ba\"}]},{\"@type\":\"WebSite\",\"@id\":\"https:\/\/citriumworld.es\/#website\",\"url\":\"https:\/\/citriumworld.es\/\",\"name\":\"Citrium World\",\"description\":\"Compa\u00f1\u00eda especializada en fabricaci\u00f3n y distribuci\u00f3n de bebidas\",\"publisher\":{\"@id\":\"https:\/\/citriumworld.es\/#organization\"},\"alternateName\":\"Citrium World\",\"potentialAction\":[{\"@type\":\"SearchAction\",\"target\":{\"@type\":\"EntryPoint\",\"urlTemplate\":\"https:\/\/citriumworld.es\/?s={search_term_string}\"},\"query-input\":{\"@type\":\"PropertyValueSpecification\",\"valueRequired\":true,\"valueName\":\"search_term_string\"}}],\"inLanguage\":\"es\"},{\"@type\":\"Organization\",\"@id\":\"https:\/\/citriumworld.es\/#organization\",\"name\":\"Citrium World\",\"url\":\"https:\/\/citriumworld.es\/\",\"logo\":{\"@type\":\"ImageObject\",\"inLanguage\":\"es\",\"@id\":\"https:\/\/citriumworld.es\/#\/schema\/logo\/image\/\",\"url\":\"https:\/\/citriumworld.es\/wp-content\/uploads\/2024\/06\/LOGOCITRIUMWORLD.png\",\"contentUrl\":\"https:\/\/citriumworld.es\/wp-content\/uploads\/2024\/06\/LOGOCITRIUMWORLD.png\",\"width\":698,\"height\":357,\"caption\":\"Citrium World\"},\"image\":{\"@id\":\"https:\/\/citriumworld.es\/#\/schema\/logo\/image\/\"}}]}<\/script>\n<!-- \/ Yoast SEO plugin. -->","yoast_head_json":{"title":"C\u00f3ctel Guacamayo 22\u00ba\/28\u00ba - Citrium World","robots":{"index":"index","follow":"follow","max-snippet":"max-snippet:-1","max-image-preview":"max-image-preview:large","max-video-preview":"max-video-preview:-1"},"canonical":"https:\/\/citriumworld.es\/index.php\/producto\/guacamayo-22o\/","og_locale":"es_ES","og_type":"article","og_title":"C\u00f3ctel Guacamayo 22\u00ba\/28\u00ba - Citrium World","og_description":"C\u00f3ctel Guacamayo, concentrado con una diluci\u00f3n de 1 dosis de producto con 5 de agua, en formato Bag in Box.  &nbsp;  &nbsp;","og_url":"https:\/\/citriumworld.es\/index.php\/producto\/guacamayo-22o\/","og_site_name":"Citrium World","article_modified_time":"2024-10-04T07:41:40+00:00","og_image":[{"width":1280,"height":720,"url":"https:\/\/citriumworld.es\/wp-content\/uploads\/2024\/06\/citrium-portada.png","type":"image\/png"}],"twitter_card":"summary_large_image","twitter_misc":{"Tiempo de lectura":"1 minuto"},"schema":{"@context":"https:\/\/schema.org","@graph":[{"@type":"WebPage","@id":"https:\/\/citriumworld.es\/index.php\/producto\/guacamayo-22o\/","url":"https:\/\/citriumworld.es\/index.php\/producto\/guacamayo-22o\/","name":"C\u00f3ctel Guacamayo 22\u00ba\/28\u00ba - Citrium World","isPartOf":{"@id":"https:\/\/citriumworld.es\/#website"},"datePublished":"2024-09-27T16:13:45+00:00","dateModified":"2024-10-04T07:41:40+00:00","breadcrumb":{"@id":"https:\/\/citriumworld.es\/index.php\/producto\/guacamayo-22o\/#breadcrumb"},"inLanguage":"es","potentialAction":[{"@type":"ReadAction","target":["https:\/\/citriumworld.es\/index.php\/producto\/guacamayo-22o\/"]}]},{"@type":"BreadcrumbList","@id":"https:\/\/citriumworld.es\/index.php\/producto\/guacamayo-22o\/#breadcrumb","itemListElement":[{"@type":"ListItem","position":1,"name":"Portada","item":"https:\/\/citriumworld.es\/"},{"@type":"ListItem","position":2,"name":"Tienda","item":"https:\/\/citriumworld.es\/index.php\/tienda\/"},{"@type":"ListItem","position":3,"name":"C\u00f3ctel Guacamayo 22\u00ba\/28\u00ba"}]},{"@type":"WebSite","@id":"https:\/\/citriumworld.es\/#website","url":"https:\/\/citriumworld.es\/","name":"Citrium World","description":"Compa\u00f1\u00eda especializada en fabricaci\u00f3n y distribuci\u00f3n de bebidas","publisher":{"@id":"https:\/\/citriumworld.es\/#organization"},"alternateName":"Citrium World","potentialAction":[{"@type":"SearchAction","target":{"@type":"EntryPoint","urlTemplate":"https:\/\/citriumworld.es\/?s={search_term_string}"},"query-input":{"@type":"PropertyValueSpecification","valueRequired":true,"valueName":"search_term_string"}}],"inLanguage":"es"},{"@type":"Organization","@id":"https:\/\/citriumworld.es\/#organization","name":"Citrium World","url":"https:\/\/citriumworld.es\/","logo":{"@type":"ImageObject","inLanguage":"es","@id":"https:\/\/citriumworld.es\/#\/schema\/logo\/image\/","url":"https:\/\/citriumworld.es\/wp-content\/uploads\/2024\/06\/LOGOCITRIUMWORLD.png","contentUrl":"https:\/\/citriumworld.es\/wp-content\/uploads\/2024\/06\/LOGOCITRIUMWORLD.png","width":698,"height":357,"caption":"Citrium World"},"image":{"@id":"https:\/\/citriumworld.es\/#\/schema\/logo\/image\/"}}]}},"_links":{"self":[{"href":"https:\/\/citriumworld.es\/index.php\/wp-json\/wp\/v2\/product\/844","targetHints":{"allow":["GET"]}}],"collection":[{"href":"https:\/\/citriumworld.es\/index.php\/wp-json\/wp\/v2\/product"}],"about":[{"href":"https:\/\/citriumworld.es\/index.php\/wp-json\/wp\/v2\/types\/product"}],"wp:attachment":[{"href":"https:\/\/citriumworld.es\/index.php\/wp-json\/wp\/v2\/media?parent=844"}],"wp:term":[{"taxonomy":"product_brand","embeddable":true,"href":"https:\/\/citriumworld.es\/index.php\/wp-json\/wp\/v2\/product_brand?post=844"},{"taxonomy":"product_cat","embeddable":true,"href":"https:\/\/citriumworld.es\/index.php\/wp-json\/wp\/v2\/product_cat?post=844"},{"taxonomy":"product_tag","embeddable":true,"href":"https:\/\/citriumworld.es\/index.php\/wp-json\/wp\/v2\/product_tag?post=844"}],"curies":[{"name":"wp","href":"https:\/\/api.w.org\/{rel}","templated":true}]}}