{"id":40,"date":"2024-06-19T10:48:51","date_gmt":"2024-06-19T10:48:51","guid":{"rendered":"https:\/\/citriumworld.com\/?page_id=40"},"modified":"2024-07-21T11:26:08","modified_gmt":"2024-07-21T11:26:08","slug":"contacto","status":"publish","type":"page","link":"https:\/\/citriumworld.es\/index.php\/contacto\/","title":{"rendered":"Contacto"},"content":{"rendered":"\t\t<div data-elementor-type=\"wp-page\" data-elementor-id=\"40\" class=\"elementor elementor-40\" data-elementor-post-type=\"page\">\n\t\t\t\t<div class=\"elementor-element elementor-element-dad5873 e-flex e-con-boxed e-con e-parent\" data-id=\"dad5873\" data-element_type=\"container\">\n\t\t\t\t\t<div class=\"e-con-inner\">\n\t\t\t\t\t<\/div>\n\t\t\t\t<\/div>\n\t\t<div class=\"elementor-element elementor-element-f464665 e-flex e-con-boxed e-con e-parent\" data-id=\"f464665\" data-element_type=\"container\">\n\t\t\t\t\t<div class=\"e-con-inner\">\n\t\t\t\t<div class=\"elementor-element elementor-element-97b0a86 elementor-widget elementor-widget-heading\" data-id=\"97b0a86\" data-element_type=\"widget\" data-widget_type=\"heading.default\">\n\t\t\t\t<div class=\"elementor-widget-container\">\n\t\t\t\t\t<h1 class=\"elementor-heading-title elementor-size-default\">Contacto<\/h1>\t\t\t\t<\/div>\n\t\t\t\t<\/div>\n\t\t\t\t\t<\/div>\n\t\t\t\t<\/div>\n\t\t<div class=\"elementor-element elementor-element-cdb0952 e-flex e-con-boxed e-con e-parent\" data-id=\"cdb0952\" data-element_type=\"container\">\n\t\t\t\t\t<div class=\"e-con-inner\">\n\t\t<div class=\"elementor-element elementor-element-6196eed e-con-full e-flex e-con e-child\" data-id=\"6196eed\" data-element_type=\"container\">\n\t\t<div class=\"elementor-element elementor-element-1fef59c e-con-full e-flex e-con e-child\" data-id=\"1fef59c\" data-element_type=\"container\">\n\t\t\t\t<div class=\"elementor-element elementor-element-0efb983 elementor-widget__width-auto elementor-view-default elementor-widget elementor-widget-icon\" data-id=\"0efb983\" data-element_type=\"widget\" data-widget_type=\"icon.default\">\n\t\t\t\t<div class=\"elementor-widget-container\">\n\t\t\t\t\t\t\t<div class=\"elementor-icon-wrapper\">\n\t\t\t<a class=\"elementor-icon\" href=\"tel:+34937630829\">\n\t\t\t<i aria-hidden=\"true\" class=\"fas fa-phone-alt\"><\/i>\t\t\t<\/a>\n\t\t<\/div>\n\t\t\t\t\t\t<\/div>\n\t\t\t\t<\/div>\n\t\t<div class=\"elementor-element elementor-element-efa293f tel-links e-flex e-con-boxed e-con e-child\" data-id=\"efa293f\" data-element_type=\"container\">\n\t\t\t\t\t<div class=\"e-con-inner\">\n\t\t\t\t<div class=\"elementor-element elementor-element-b0d508a elementor-widget elementor-widget-heading\" data-id=\"b0d508a\" data-element_type=\"widget\" data-widget_type=\"heading.default\">\n\t\t\t\t<div class=\"elementor-widget-container\">\n\t\t\t\t\t<h1 class=\"elementor-heading-title elementor-size-default\"><a href=\"tel:+34937630829\">Tel\u00e9fono<\/a><\/h1>\t\t\t\t<\/div>\n\t\t\t\t<\/div>\n\t\t\t\t<div class=\"elementor-element elementor-element-39bc8ec elementor-widget elementor-widget-heading\" data-id=\"39bc8ec\" data-element_type=\"widget\" data-widget_type=\"heading.default\">\n\t\t\t\t<div class=\"elementor-widget-container\">\n\t\t\t\t\t<h5 class=\"elementor-heading-title elementor-size-default\"><a href=\"tel:+34937630829\" rel=\"nofollow\">+34 937 63 08 29<\/a><\/h5>\t\t\t\t<\/div>\n\t\t\t\t<\/div>\n\t\t\t\t\t<\/div>\n\t\t\t\t<\/div>\n\t\t\t\t<\/div>\n\t\t<div class=\"elementor-element elementor-element-caf75a2 e-con-full e-flex e-con e-child\" data-id=\"caf75a2\" data-element_type=\"container\">\n\t\t\t\t<div class=\"elementor-element elementor-element-0c3d191 elementor-widget__width-auto elementor-view-default elementor-widget elementor-widget-icon\" data-id=\"0c3d191\" data-element_type=\"widget\" data-widget_type=\"icon.default\">\n\t\t\t\t<div class=\"elementor-widget-container\">\n\t\t\t\t\t\t\t<div class=\"elementor-icon-wrapper\">\n\t\t\t<a class=\"elementor-icon\" href=\"mailto:info@citriumworld.com\">\n\t\t\t<i aria-hidden=\"true\" class=\"fas fa-envelope\"><\/i>\t\t\t<\/a>\n\t\t<\/div>\n\t\t\t\t\t\t<\/div>\n\t\t\t\t<\/div>\n\t\t<div class=\"elementor-element elementor-element-6e81d35 tel-links e-flex e-con-boxed e-con e-child\" data-id=\"6e81d35\" data-element_type=\"container\">\n\t\t\t\t\t<div class=\"e-con-inner\">\n\t\t\t\t<div class=\"elementor-element elementor-element-289d629 elementor-widget elementor-widget-heading\" data-id=\"289d629\" data-element_type=\"widget\" data-widget_type=\"heading.default\">\n\t\t\t\t<div class=\"elementor-widget-container\">\n\t\t\t\t\t<h1 class=\"elementor-heading-title elementor-size-default\"><a href=\"mailto:info@citriumworld.com\">E-Mail<\/a><\/h1>\t\t\t\t<\/div>\n\t\t\t\t<\/div>\n\t\t\t\t<div class=\"elementor-element elementor-element-554ca42 elementor-widget elementor-widget-heading\" data-id=\"554ca42\" data-element_type=\"widget\" data-widget_type=\"heading.default\">\n\t\t\t\t<div class=\"elementor-widget-container\">\n\t\t\t\t\t<h5 class=\"elementor-heading-title elementor-size-default\"><a href=\"mailto:info@citriumworld.com\" rel=\"nofollow\">info@citriumworld.com<\/a><\/h5>\t\t\t\t<\/div>\n\t\t\t\t<\/div>\n\t\t\t\t\t<\/div>\n\t\t\t\t<\/div>\n\t\t\t\t<\/div>\n\t\t<div class=\"elementor-element elementor-element-50ea84d e-con-full e-flex e-con e-child\" data-id=\"50ea84d\" data-element_type=\"container\">\n\t\t\t\t<div class=\"elementor-element elementor-element-0f8f9f4 elementor-widget__width-auto elementor-view-default elementor-widget elementor-widget-icon\" data-id=\"0f8f9f4\" data-element_type=\"widget\" data-widget_type=\"icon.default\">\n\t\t\t\t<div class=\"elementor-widget-container\">\n\t\t\t\t\t\t\t<div class=\"elementor-icon-wrapper\">\n\t\t\t<a class=\"elementor-icon\" href=\"https:\/\/maps.app.goo.gl\/rFdLcR3R3mBC4S2t8\">\n\t\t\t<i aria-hidden=\"true\" class=\"fas fa-map-marker-alt\"><\/i>\t\t\t<\/a>\n\t\t<\/div>\n\t\t\t\t\t\t<\/div>\n\t\t\t\t<\/div>\n\t\t<div class=\"elementor-element elementor-element-993ce38 tel-links e-flex e-con-boxed e-con e-child\" data-id=\"993ce38\" data-element_type=\"container\">\n\t\t\t\t\t<div class=\"e-con-inner\">\n\t\t\t\t<div class=\"elementor-element elementor-element-8686922 elementor-widget elementor-widget-heading\" data-id=\"8686922\" data-element_type=\"widget\" data-widget_type=\"heading.default\">\n\t\t\t\t<div class=\"elementor-widget-container\">\n\t\t\t\t\t<h1 class=\"elementor-heading-title elementor-size-default\"><a href=\"https:\/\/maps.app.goo.gl\/rFdLcR3R3mBC4S2t8\">Direcci\u00f3n<\/a><\/h1>\t\t\t\t<\/div>\n\t\t\t\t<\/div>\n\t\t\t\t<div class=\"elementor-element elementor-element-02344a3 elementor-widget elementor-widget-heading\" data-id=\"02344a3\" data-element_type=\"widget\" data-widget_type=\"heading.default\">\n\t\t\t\t<div class=\"elementor-widget-container\">\n\t\t\t\t\t<h5 class=\"elementor-heading-title elementor-size-default\"><a href=\"https:\/\/maps.app.goo.gl\/rFdLcR3R3mBC4S2t8\" rel=\"nofollow\">Avenida Sot De Les Vernedes, 36, Sant Cebria De Vallalta, 08396, Barcelona<\/a><\/h5>\t\t\t\t<\/div>\n\t\t\t\t<\/div>\n\t\t\t\t\t<\/div>\n\t\t\t\t<\/div>\n\t\t\t\t<\/div>\n\t\t\t\t<\/div>\n\t\t<div class=\"elementor-element elementor-element-a772081 e-con-full e-flex e-con e-child\" data-id=\"a772081\" data-element_type=\"container\">\n\t\t\t\t<div class=\"elementor-element elementor-element-a6063eb elementor-button-align-center elementor-widget__width-initial my-form elementor-widget elementor-widget-form\" data-id=\"a6063eb\" data-element_type=\"widget\" data-settings=\"{&quot;step_next_label&quot;:&quot;Next&quot;,&quot;step_previous_label&quot;:&quot;Previous&quot;,&quot;step_type&quot;:&quot;number_text&quot;,&quot;step_icon_shape&quot;:&quot;circle&quot;}\" data-widget_type=\"form.default\">\n\t\t\t\t<div class=\"elementor-widget-container\">\n\t\t\t\t\t\t\t<form class=\"elementor-form\" method=\"post\" name=\"formularioContacto\" aria-label=\"formularioContacto\">\n\t\t\t<input type=\"hidden\" name=\"post_id\" value=\"40\"\/>\n\t\t\t<input type=\"hidden\" name=\"form_id\" value=\"a6063eb\"\/>\n\t\t\t<input type=\"hidden\" name=\"referer_title\" value=\"Contacto - Citrium World\" \/>\n\n\t\t\t\t\t\t\t<input type=\"hidden\" name=\"queried_id\" value=\"40\"\/>\n\t\t\t\n\t\t\t<div class=\"elementor-form-fields-wrapper elementor-labels-\">\n\t\t\t\t\t\t\t\t<div class=\"elementor-field-type-text elementor-field-group elementor-column elementor-field-group-name elementor-col-50 elementor-md-100 elementor-field-required\">\n\t\t\t\t\t\t\t\t\t\t\t\t<label for=\"form-field-name\" class=\"elementor-field-label elementor-screen-only\">\n\t\t\t\t\t\t\t\tNombre\t\t\t\t\t\t\t<\/label>\n\t\t\t\t\t\t\t\t\t\t\t\t\t\t<input size=\"1\" type=\"text\" name=\"form_fields[name]\" id=\"form-field-name\" class=\"elementor-field elementor-size-md  elementor-field-textual\" placeholder=\"Nombre *\" required=\"required\">\n\t\t\t\t\t\t\t\t\t\t\t<\/div>\n\t\t\t\t\t\t\t\t<div class=\"elementor-field-type-tel elementor-field-group elementor-column elementor-field-group-telefono elementor-col-50 elementor-md-100\">\n\t\t\t\t\t\t\t\t\t\t\t\t<label for=\"form-field-telefono\" class=\"elementor-field-label elementor-screen-only\">\n\t\t\t\t\t\t\t\tTel\u00e9fono\t\t\t\t\t\t\t<\/label>\n\t\t\t\t\t\t\t\t<input size=\"1\" type=\"tel\" name=\"form_fields[telefono]\" id=\"form-field-telefono\" class=\"elementor-field elementor-size-md  elementor-field-textual\" placeholder=\"Tel\u00e9fono\" pattern=\"[0-9()#&amp;+*-=.]+\" title=\"Solo se aceptan n\u00fameros y caracteres de tel\u00e9fono (#,-,*,etc).\">\n\n\t\t\t\t\t\t<\/div>\n\t\t\t\t\t\t\t\t<div class=\"elementor-field-type-email elementor-field-group elementor-column elementor-field-group-email elementor-col-50 elementor-md-100 elementor-field-required\">\n\t\t\t\t\t\t\t\t\t\t\t\t<label for=\"form-field-email\" class=\"elementor-field-label elementor-screen-only\">\n\t\t\t\t\t\t\t\tCorreo electr\u00f3nico\t\t\t\t\t\t\t<\/label>\n\t\t\t\t\t\t\t\t\t\t\t\t\t\t<input size=\"1\" type=\"email\" name=\"form_fields[email]\" id=\"form-field-email\" class=\"elementor-field elementor-size-md  elementor-field-textual\" placeholder=\"Correo electr\u00f3nico *\" required=\"required\">\n\t\t\t\t\t\t\t\t\t\t\t<\/div>\n\t\t\t\t\t\t\t\t<div class=\"elementor-field-type-text elementor-field-group elementor-column elementor-field-group-empresa elementor-col-50 elementor-md-100\">\n\t\t\t\t\t\t\t\t\t\t\t\t<label for=\"form-field-empresa\" class=\"elementor-field-label elementor-screen-only\">\n\t\t\t\t\t\t\t\tEmpresa\t\t\t\t\t\t\t<\/label>\n\t\t\t\t\t\t\t\t\t\t\t\t\t\t<input size=\"1\" type=\"text\" name=\"form_fields[empresa]\" id=\"form-field-empresa\" class=\"elementor-field elementor-size-md  elementor-field-textual\" placeholder=\"Empresa\">\n\t\t\t\t\t\t\t\t\t\t\t<\/div>\n\t\t\t\t\t\t\t\t<div class=\"elementor-field-type-text elementor-field-group elementor-column elementor-field-group-asunto elementor-col-100 elementor-field-required\">\n\t\t\t\t\t\t\t\t\t\t\t\t<label for=\"form-field-asunto\" class=\"elementor-field-label elementor-screen-only\">\n\t\t\t\t\t\t\t\tAsunto\t\t\t\t\t\t\t<\/label>\n\t\t\t\t\t\t\t\t\t\t\t\t\t\t<input size=\"1\" type=\"text\" name=\"form_fields[asunto]\" id=\"form-field-asunto\" class=\"elementor-field elementor-size-md  elementor-field-textual\" placeholder=\"Asunto *\" required=\"required\">\n\t\t\t\t\t\t\t\t\t\t\t<\/div>\n\t\t\t\t\t\t\t\t<div class=\"elementor-field-type-textarea elementor-field-group elementor-column elementor-field-group-mensaje elementor-col-100 elementor-field-required\">\n\t\t\t\t\t\t\t\t\t\t\t\t<label for=\"form-field-mensaje\" class=\"elementor-field-label elementor-screen-only\">\n\t\t\t\t\t\t\t\tMensaje\t\t\t\t\t\t\t<\/label>\n\t\t\t\t\t\t<textarea class=\"elementor-field-textual elementor-field  elementor-size-md\" name=\"form_fields[mensaje]\" id=\"form-field-mensaje\" rows=\"6\" placeholder=\"Mensaje *\" required=\"required\"><\/textarea>\t\t\t\t<\/div>\n\t\t\t\t\t\t\t\t<div class=\"elementor-field-type-acceptance elementor-field-group elementor-column elementor-field-group-aceptoPolitica elementor-col-100 elementor-field-required\">\n\t\t\t\t\t\t\t\t\t\t\t\t<label for=\"form-field-aceptoPolitica\" class=\"elementor-field-label elementor-screen-only\">\n\t\t\t\t\t\t\t\tPolitica\t\t\t\t\t\t\t<\/label>\n\t\t\t\t\t\t\t\t<div class=\"elementor-field-subgroup\">\n\t\t\t<span class=\"elementor-field-option\">\n\t\t\t\t<input type=\"checkbox\" name=\"form_fields[aceptoPolitica]\" id=\"form-field-aceptoPolitica\" class=\"elementor-field elementor-size-md  elementor-acceptance-field\" required=\"required\">\n\t\t\t\t<label for=\"form-field-aceptoPolitica\">He le\u00eddo y acepto la <a href=\"https:\/\/www.citriumworld.com\/politica-de-privacidad\/\" target=\"_blank\">Pol\u00edtica de privacidad<\/a>.<\/label>\t\t\t<\/span>\n\t\t<\/div>\n\t\t\t\t\t\t<\/div>\n\t\t\t\t\t\t\t\t<div class=\"elementor-field-type-recaptcha elementor-field-group elementor-column elementor-field-group-field_5044736 elementor-col-100\">\n\t\t\t\t\t<div class=\"elementor-field\" id=\"form-field-field_5044736\"><div class=\"elementor-g-recaptcha\" data-sitekey=\"6LcmF0gsAAAAAECvbpHtP025Qel8iA8P74BnjXrR\" data-type=\"v2_checkbox\" data-theme=\"light\" data-size=\"normal\"><\/div><\/div>\t\t\t\t<\/div>\n\t\t\t\t\t\t\t\t<div class=\"elementor-field-group elementor-column elementor-field-type-submit elementor-col-100 e-form__buttons\">\n\t\t\t\t\t<button class=\"elementor-button elementor-size-md\" type=\"submit\" id=\"enviar\">\n\t\t\t\t\t\t<span class=\"elementor-button-content-wrapper\">\n\t\t\t\t\t\t\t\t\t\t\t\t\t\t\t\t\t\t\t\t\t\t<span class=\"elementor-button-text\">Enviar<\/span>\n\t\t\t\t\t\t\t\t\t\t\t\t\t<\/span>\n\t\t\t\t\t<\/button>\n\t\t\t\t<\/div>\n\t\t\t<\/div>\n\t\t<\/form>\n\t\t\t\t\t\t<\/div>\n\t\t\t\t<\/div>\n\t\t\t\t<\/div>\n\t\t\t\t\t<\/div>\n\t\t\t\t<\/div>\n\t\t<div class=\"elementor-element elementor-element-fe9007c e-flex e-con-boxed e-con e-parent\" data-id=\"fe9007c\" data-element_type=\"container\">\n\t\t\t\t\t<div class=\"e-con-inner\">\n\t\t\t\t<div class=\"elementor-element elementor-element-7e95837 elementor-widget elementor-widget-google_maps\" data-id=\"7e95837\" data-element_type=\"widget\" data-widget_type=\"google_maps.default\">\n\t\t\t\t<div class=\"elementor-widget-container\">\n\t\t\t\t\t\t\t<div class=\"elementor-custom-embed\">\n\t\t\t<iframe loading=\"lazy\"\n\t\t\t\t\tsrc=\"https:\/\/maps.google.com\/maps?q=Avinguda%20Sot%20de%20les%20Vernedes%2C%2036%2C%2008396%20Sant%20Cebri%C3%A0%20de%20Vallalta%2C%20Barcelona&#038;t=m&#038;z=12&#038;output=embed&#038;iwloc=near\"\n\t\t\t\t\ttitle=\"Avinguda Sot de les Vernedes, 36, 08396 Sant Cebri\u00e0 de Vallalta, Barcelona\"\n\t\t\t\t\taria-label=\"Avinguda Sot de les Vernedes, 36, 08396 Sant Cebri\u00e0 de Vallalta, Barcelona\"\n\t\t\t><\/iframe>\n\t\t<\/div>\n\t\t\t\t\t\t<\/div>\n\t\t\t\t<\/div>\n\t\t\t\t\t<\/div>\n\t\t\t\t<\/div>\n\t\t<div class=\"elementor-element elementor-element-3f5835c e-flex e-con-boxed e-con e-parent\" data-id=\"3f5835c\" data-element_type=\"container\">\n\t\t\t\t\t<div class=\"e-con-inner\">\n\t\t\t\t\t<\/div>\n\t\t\t\t<\/div>\n\t\t\t\t<\/div>\n\t\t","protected":false},"excerpt":{"rendered":"<p>Contacto Tel\u00e9fono +34 937 63 08 29 E-Mail info@citriumworld.com Direcci\u00f3n Avenida Sot De Les Vernedes, 36, Sant Cebria De Vallalta, 08396, Barcelona<\/p>\n","protected":false},"author":1,"featured_media":0,"parent":0,"menu_order":0,"comment_status":"closed","ping_status":"closed","template":"","meta":{"footnotes":""},"class_list":["post-40","page","type-page","status-publish","hentry"],"yoast_head":"<!-- This site is optimized with the Yoast SEO plugin v26.7 - https:\/\/yoast.com\/wordpress\/plugins\/seo\/ -->\n<title>Contacto - Citrium World<\/title>\n<meta name=\"robots\" content=\"index, follow, max-snippet:-1, max-image-preview:large, max-video-preview:-1\" \/>\n<link rel=\"canonical\" href=\"https:\/\/citriumworld.es\/index.php\/contacto\/\" \/>\n<meta property=\"og:locale\" content=\"es_ES\" \/>\n<meta property=\"og:type\" content=\"article\" \/>\n<meta property=\"og:title\" content=\"Contacto - Citrium World\" \/>\n<meta property=\"og:description\" content=\"Contacto Tel\u00e9fono +34 937 63 08 29 E-Mail info@citriumworld.com Direcci\u00f3n Avenida Sot De Les Vernedes, 36, Sant Cebria De Vallalta, 08396, Barcelona\" \/>\n<meta property=\"og:url\" content=\"https:\/\/citriumworld.es\/index.php\/contacto\/\" \/>\n<meta property=\"og:site_name\" content=\"Citrium World\" \/>\n<meta property=\"article:modified_time\" content=\"2024-07-21T11:26:08+00:00\" \/>\n<meta property=\"og:image\" content=\"https:\/\/citriumworld.es\/wp-content\/uploads\/2024\/06\/citrium-portada.png\" \/>\n\t<meta property=\"og:image:width\" content=\"1280\" \/>\n\t<meta property=\"og:image:height\" content=\"720\" \/>\n\t<meta property=\"og:image:type\" content=\"image\/png\" \/>\n<meta name=\"twitter:card\" content=\"summary_large_image\" \/>\n<script type=\"application\/ld+json\" class=\"yoast-schema-graph\">{\"@context\":\"https:\/\/schema.org\",\"@graph\":[{\"@type\":\"WebPage\",\"@id\":\"https:\/\/citriumworld.es\/index.php\/contacto\/\",\"url\":\"https:\/\/citriumworld.es\/index.php\/contacto\/\",\"name\":\"Contacto - Citrium World\",\"isPartOf\":{\"@id\":\"https:\/\/citriumworld.es\/#website\"},\"datePublished\":\"2024-06-19T10:48:51+00:00\",\"dateModified\":\"2024-07-21T11:26:08+00:00\",\"breadcrumb\":{\"@id\":\"https:\/\/citriumworld.es\/index.php\/contacto\/#breadcrumb\"},\"inLanguage\":\"es\",\"potentialAction\":[{\"@type\":\"ReadAction\",\"target\":[\"https:\/\/citriumworld.es\/index.php\/contacto\/\"]}]},{\"@type\":\"BreadcrumbList\",\"@id\":\"https:\/\/citriumworld.es\/index.php\/contacto\/#breadcrumb\",\"itemListElement\":[{\"@type\":\"ListItem\",\"position\":1,\"name\":\"Portada\",\"item\":\"https:\/\/citriumworld.es\/\"},{\"@type\":\"ListItem\",\"position\":2,\"name\":\"Contacto\"}]},{\"@type\":\"WebSite\",\"@id\":\"https:\/\/citriumworld.es\/#website\",\"url\":\"https:\/\/citriumworld.es\/\",\"name\":\"Citrium World\",\"description\":\"Compa\u00f1\u00eda especializada en fabricaci\u00f3n y distribuci\u00f3n de bebidas\",\"publisher\":{\"@id\":\"https:\/\/citriumworld.es\/#organization\"},\"alternateName\":\"Citrium World\",\"potentialAction\":[{\"@type\":\"SearchAction\",\"target\":{\"@type\":\"EntryPoint\",\"urlTemplate\":\"https:\/\/citriumworld.es\/?s={search_term_string}\"},\"query-input\":{\"@type\":\"PropertyValueSpecification\",\"valueRequired\":true,\"valueName\":\"search_term_string\"}}],\"inLanguage\":\"es\"},{\"@type\":\"Organization\",\"@id\":\"https:\/\/citriumworld.es\/#organization\",\"name\":\"Citrium World\",\"url\":\"https:\/\/citriumworld.es\/\",\"logo\":{\"@type\":\"ImageObject\",\"inLanguage\":\"es\",\"@id\":\"https:\/\/citriumworld.es\/#\/schema\/logo\/image\/\",\"url\":\"https:\/\/citriumworld.es\/wp-content\/uploads\/2024\/06\/LOGOCITRIUMWORLD.png\",\"contentUrl\":\"https:\/\/citriumworld.es\/wp-content\/uploads\/2024\/06\/LOGOCITRIUMWORLD.png\",\"width\":698,\"height\":357,\"caption\":\"Citrium World\"},\"image\":{\"@id\":\"https:\/\/citriumworld.es\/#\/schema\/logo\/image\/\"}}]}<\/script>\n<!-- \/ Yoast SEO plugin. -->","yoast_head_json":{"title":"Contacto - Citrium World","robots":{"index":"index","follow":"follow","max-snippet":"max-snippet:-1","max-image-preview":"max-image-preview:large","max-video-preview":"max-video-preview:-1"},"canonical":"https:\/\/citriumworld.es\/index.php\/contacto\/","og_locale":"es_ES","og_type":"article","og_title":"Contacto - Citrium World","og_description":"Contacto Tel\u00e9fono +34 937 63 08 29 E-Mail info@citriumworld.com Direcci\u00f3n Avenida Sot De Les Vernedes, 36, Sant Cebria De Vallalta, 08396, Barcelona","og_url":"https:\/\/citriumworld.es\/index.php\/contacto\/","og_site_name":"Citrium World","article_modified_time":"2024-07-21T11:26:08+00:00","og_image":[{"width":1280,"height":720,"url":"https:\/\/citriumworld.es\/wp-content\/uploads\/2024\/06\/citrium-portada.png","type":"image\/png"}],"twitter_card":"summary_large_image","schema":{"@context":"https:\/\/schema.org","@graph":[{"@type":"WebPage","@id":"https:\/\/citriumworld.es\/index.php\/contacto\/","url":"https:\/\/citriumworld.es\/index.php\/contacto\/","name":"Contacto - Citrium World","isPartOf":{"@id":"https:\/\/citriumworld.es\/#website"},"datePublished":"2024-06-19T10:48:51+00:00","dateModified":"2024-07-21T11:26:08+00:00","breadcrumb":{"@id":"https:\/\/citriumworld.es\/index.php\/contacto\/#breadcrumb"},"inLanguage":"es","potentialAction":[{"@type":"ReadAction","target":["https:\/\/citriumworld.es\/index.php\/contacto\/"]}]},{"@type":"BreadcrumbList","@id":"https:\/\/citriumworld.es\/index.php\/contacto\/#breadcrumb","itemListElement":[{"@type":"ListItem","position":1,"name":"Portada","item":"https:\/\/citriumworld.es\/"},{"@type":"ListItem","position":2,"name":"Contacto"}]},{"@type":"WebSite","@id":"https:\/\/citriumworld.es\/#website","url":"https:\/\/citriumworld.es\/","name":"Citrium World","description":"Compa\u00f1\u00eda especializada en fabricaci\u00f3n y distribuci\u00f3n de bebidas","publisher":{"@id":"https:\/\/citriumworld.es\/#organization"},"alternateName":"Citrium World","potentialAction":[{"@type":"SearchAction","target":{"@type":"EntryPoint","urlTemplate":"https:\/\/citriumworld.es\/?s={search_term_string}"},"query-input":{"@type":"PropertyValueSpecification","valueRequired":true,"valueName":"search_term_string"}}],"inLanguage":"es"},{"@type":"Organization","@id":"https:\/\/citriumworld.es\/#organization","name":"Citrium World","url":"https:\/\/citriumworld.es\/","logo":{"@type":"ImageObject","inLanguage":"es","@id":"https:\/\/citriumworld.es\/#\/schema\/logo\/image\/","url":"https:\/\/citriumworld.es\/wp-content\/uploads\/2024\/06\/LOGOCITRIUMWORLD.png","contentUrl":"https:\/\/citriumworld.es\/wp-content\/uploads\/2024\/06\/LOGOCITRIUMWORLD.png","width":698,"height":357,"caption":"Citrium World"},"image":{"@id":"https:\/\/citriumworld.es\/#\/schema\/logo\/image\/"}}]}},"_links":{"self":[{"href":"https:\/\/citriumworld.es\/index.php\/wp-json\/wp\/v2\/pages\/40","targetHints":{"allow":["GET"]}}],"collection":[{"href":"https:\/\/citriumworld.es\/index.php\/wp-json\/wp\/v2\/pages"}],"about":[{"href":"https:\/\/citriumworld.es\/index.php\/wp-json\/wp\/v2\/types\/page"}],"author":[{"embeddable":true,"href":"https:\/\/citriumworld.es\/index.php\/wp-json\/wp\/v2\/users\/1"}],"replies":[{"embeddable":true,"href":"https:\/\/citriumworld.es\/index.php\/wp-json\/wp\/v2\/comments?post=40"}],"version-history":[{"count":79,"href":"https:\/\/citriumworld.es\/index.php\/wp-json\/wp\/v2\/pages\/40\/revisions"}],"predecessor-version":[{"id":708,"href":"https:\/\/citriumworld.es\/index.php\/wp-json\/wp\/v2\/pages\/40\/revisions\/708"}],"wp:attachment":[{"href":"https:\/\/citriumworld.es\/index.php\/wp-json\/wp\/v2\/media?parent=40"}],"curies":[{"name":"wp","href":"https:\/\/api.w.org\/{rel}","templated":true}]}}