{"id":35,"date":"2024-06-19T10:48:18","date_gmt":"2024-06-19T10:48:18","guid":{"rendered":"https:\/\/citriumworld.com\/?page_id=35"},"modified":"2024-08-13T12:22:50","modified_gmt":"2024-08-13T12:22:50","slug":"sostenibilidad","status":"publish","type":"page","link":"https:\/\/citriumworld.es\/index.php\/sostenibilidad\/","title":{"rendered":"Sostenibilidad"},"content":{"rendered":"\t\t<div data-elementor-type=\"wp-page\" data-elementor-id=\"35\" class=\"elementor elementor-35\" data-elementor-post-type=\"page\">\n\t\t\t\t<div class=\"elementor-element elementor-element-1a01661 e-con-full e-flex e-con e-parent\" data-id=\"1a01661\" data-element_type=\"container\">\n\t\t\t\t<\/div>\n\t\t<div class=\"elementor-element elementor-element-e7dc9a3 e-flex e-con-boxed e-con e-parent\" data-id=\"e7dc9a3\" data-element_type=\"container\">\n\t\t\t\t\t<div class=\"e-con-inner\">\n\t\t<div class=\"elementor-element elementor-element-84776b9 e-con-full e-flex e-con e-child\" data-id=\"84776b9\" data-element_type=\"container\">\n\t\t\t\t<div class=\"elementor-element elementor-element-3bab243 elementor-widget elementor-widget-heading\" data-id=\"3bab243\" data-element_type=\"widget\" data-widget_type=\"heading.default\">\n\t\t\t\t<div class=\"elementor-widget-container\">\n\t\t\t\t\t<h2 class=\"elementor-heading-title elementor-size-default\">Sostenibilidad<\/h2>\t\t\t\t<\/div>\n\t\t\t\t<\/div>\n\t\t\t\t<div class=\"elementor-element elementor-element-4a281fe elementor-widget elementor-widget-heading\" data-id=\"4a281fe\" data-element_type=\"widget\" data-widget_type=\"heading.default\">\n\t\t\t\t<div class=\"elementor-widget-container\">\n\t\t\t\t\t<h1 class=\"elementor-heading-title elementor-size-default\">Comprometidos con un futuro m\u00e1s verde<\/h1>\t\t\t\t<\/div>\n\t\t\t\t<\/div>\n\t\t\t\t<div class=\"elementor-element elementor-element-d8eb955 elementor-widget__width-initial elementor-widget elementor-widget-text-editor\" data-id=\"d8eb955\" data-element_type=\"widget\" data-widget_type=\"text-editor.default\">\n\t\t\t\t<div class=\"elementor-widget-container\">\n\t\t\t\t\t\t\t\t\t<p>En Citrium World, creemos que cada paso cuenta para construir un futuro m\u00e1s sostenible.<br \/>Aunque no contamos con certificaciones espec\u00edficas, nos esforzamos diariamente para reducir nuestro impacto ambiental y promover pr\u00e1cticas responsables en toda nuestra cadena de producci\u00f3n y distribuci\u00f3n.<\/p><p>Nos comprometemos a utilizar recursos de manera eficiente, minimizando el desperdicio y optimizando nuestros procesos para conservar agua y energ\u00eda. Cada bebida que producimos se elabora con el objetivo de reducir el impacto ambiental al m\u00e1ximo.<\/p>\t\t\t\t\t\t\t\t<\/div>\n\t\t\t\t<\/div>\n\t\t\t\t<\/div>\n\t\t\t\t\t<\/div>\n\t\t\t\t<\/div>\n\t\t<div class=\"elementor-element elementor-element-d859d2a e-con-full e-flex e-con e-parent\" data-id=\"d859d2a\" data-element_type=\"container\" data-settings=\"{&quot;background_background&quot;:&quot;classic&quot;}\">\n\t\t<div class=\"elementor-element elementor-element-566543c e-flex e-con-boxed e-con e-child\" data-id=\"566543c\" data-element_type=\"container\">\n\t\t\t\t\t<div class=\"e-con-inner\">\n\t\t<div class=\"elementor-element elementor-element-17f2e5b e-con-full e-flex e-con e-child\" data-id=\"17f2e5b\" data-element_type=\"container\">\n\t\t\t\t<div class=\"elementor-element elementor-element-cff239b elementor-widget elementor-widget-heading\" data-id=\"cff239b\" data-element_type=\"widget\" data-widget_type=\"heading.default\">\n\t\t\t\t<div class=\"elementor-widget-container\">\n\t\t\t\t\t<h1 class=\"elementor-heading-title elementor-size-default\">Envases ecol\u00f3gicos<\/h1>\t\t\t\t<\/div>\n\t\t\t\t<\/div>\n\t\t\t\t<div class=\"elementor-element elementor-element-f624bc5 elementor-widget__width-initial elementor-widget elementor-widget-text-editor\" data-id=\"f624bc5\" data-element_type=\"widget\" data-widget_type=\"text-editor.default\">\n\t\t\t\t<div class=\"elementor-widget-container\">\n\t\t\t\t\t\t\t\t\t<p>Trabajamos constantemente en la mejora de nuestros envases, optando por materiales reciclables y reduciendo el uso de pl\u00e1sticos. Estamos comprometidos a ofrecer productos que no solo sean deliciosos, sino tambi\u00e9n respetuosos con el planeta.<\/p>\t\t\t\t\t\t\t\t<\/div>\n\t\t\t\t<\/div>\n\t\t\t\t<\/div>\n\t\t<div class=\"elementor-element elementor-element-8958aa5 e-con-full e-flex e-con e-child\" data-id=\"8958aa5\" data-element_type=\"container\">\n\t\t\t\t<div class=\"elementor-element elementor-element-440ee10 elementor-widget elementor-widget-heading\" data-id=\"440ee10\" data-element_type=\"widget\" data-widget_type=\"heading.default\">\n\t\t\t\t<div class=\"elementor-widget-container\">\n\t\t\t\t\t<h1 class=\"elementor-heading-title elementor-size-default\">Transporte sostenible<\/h1>\t\t\t\t<\/div>\n\t\t\t\t<\/div>\n\t\t\t\t<div class=\"elementor-element elementor-element-ba55c4e elementor-widget__width-initial elementor-widget elementor-widget-text-editor\" data-id=\"ba55c4e\" data-element_type=\"widget\" data-widget_type=\"text-editor.default\">\n\t\t\t\t<div class=\"elementor-widget-container\">\n\t\t\t\t\t\t\t\t\t<p>Reducimos nuestra huella de carbono mediante la optimizaci\u00f3n de nuestras rutas de distribuci\u00f3n y el uso de veh\u00edculos m\u00e1s eficientes. Nuestro objetivo es llevarte los mejores productos de la manera m\u00e1s eco-amigable posible.<\/p>\t\t\t\t\t\t\t\t<\/div>\n\t\t\t\t<\/div>\n\t\t\t\t<\/div>\n\t\t\t\t\t<\/div>\n\t\t\t\t<\/div>\n\t\t<div class=\"elementor-element elementor-element-47e5a1a e-con-full e-flex e-con e-child\" data-id=\"47e5a1a\" data-element_type=\"container\">\n\t\t\t\t<div class=\"elementor-element elementor-element-f37578d elementor-widget elementor-widget-image\" data-id=\"f37578d\" data-element_type=\"widget\" data-widget_type=\"image.default\">\n\t\t\t\t<div class=\"elementor-widget-container\">\n\t\t\t\t\t\t\t\t\t\t\t\t\t\t\t<img fetchpriority=\"high\" decoding=\"async\" width=\"800\" height=\"534\" src=\"https:\/\/citriumworld.es\/wp-content\/uploads\/2024\/08\/reparacion-maquinas-de-frio-hosteleria-1024x683.jpg\" class=\"attachment-large size-large wp-image-792\" alt=\"\" srcset=\"https:\/\/citriumworld.es\/wp-content\/uploads\/2024\/08\/reparacion-maquinas-de-frio-hosteleria-1024x683.jpg 1024w, https:\/\/citriumworld.es\/wp-content\/uploads\/2024\/08\/reparacion-maquinas-de-frio-hosteleria-300x200.jpg 300w, https:\/\/citriumworld.es\/wp-content\/uploads\/2024\/08\/reparacion-maquinas-de-frio-hosteleria-768x513.jpg 768w, https:\/\/citriumworld.es\/wp-content\/uploads\/2024\/08\/reparacion-maquinas-de-frio-hosteleria-1536x1025.jpg 1536w, https:\/\/citriumworld.es\/wp-content\/uploads\/2024\/08\/reparacion-maquinas-de-frio-hosteleria-18x12.jpg 18w, https:\/\/citriumworld.es\/wp-content\/uploads\/2024\/08\/reparacion-maquinas-de-frio-hosteleria-600x400.jpg 600w, https:\/\/citriumworld.es\/wp-content\/uploads\/2024\/08\/reparacion-maquinas-de-frio-hosteleria.jpg 1714w\" sizes=\"(max-width: 800px) 100vw, 800px\" \/>\t\t\t\t\t\t\t\t\t\t\t\t\t\t\t<\/div>\n\t\t\t\t<\/div>\n\t\t\t\t<\/div>\n\t\t\t\t<\/div>\n\t\t<div class=\"elementor-element elementor-element-0b3c758 e-con-full e-flex e-con e-parent\" data-id=\"0b3c758\" data-element_type=\"container\" data-settings=\"{&quot;background_background&quot;:&quot;classic&quot;}\">\n\t\t<div class=\"elementor-element elementor-element-4527365 e-con-full e-flex e-con e-child\" data-id=\"4527365\" data-element_type=\"container\">\n\t\t\t\t<div class=\"elementor-element elementor-element-f313f17 elementor-widget elementor-widget-image\" data-id=\"f313f17\" data-element_type=\"widget\" data-widget_type=\"image.default\">\n\t\t\t\t<div class=\"elementor-widget-container\">\n\t\t\t\t\t\t\t\t\t\t\t\t\t\t\t<img fetchpriority=\"high\" decoding=\"async\" width=\"800\" height=\"534\" src=\"https:\/\/citriumworld.es\/wp-content\/uploads\/2024\/08\/reparacion-maquinas-de-frio-hosteleria-1024x683.jpg\" class=\"attachment-large size-large wp-image-792\" alt=\"\" srcset=\"https:\/\/citriumworld.es\/wp-content\/uploads\/2024\/08\/reparacion-maquinas-de-frio-hosteleria-1024x683.jpg 1024w, https:\/\/citriumworld.es\/wp-content\/uploads\/2024\/08\/reparacion-maquinas-de-frio-hosteleria-300x200.jpg 300w, https:\/\/citriumworld.es\/wp-content\/uploads\/2024\/08\/reparacion-maquinas-de-frio-hosteleria-768x513.jpg 768w, https:\/\/citriumworld.es\/wp-content\/uploads\/2024\/08\/reparacion-maquinas-de-frio-hosteleria-1536x1025.jpg 1536w, https:\/\/citriumworld.es\/wp-content\/uploads\/2024\/08\/reparacion-maquinas-de-frio-hosteleria-18x12.jpg 18w, https:\/\/citriumworld.es\/wp-content\/uploads\/2024\/08\/reparacion-maquinas-de-frio-hosteleria-600x400.jpg 600w, https:\/\/citriumworld.es\/wp-content\/uploads\/2024\/08\/reparacion-maquinas-de-frio-hosteleria.jpg 1714w\" sizes=\"(max-width: 800px) 100vw, 800px\" \/>\t\t\t\t\t\t\t\t\t\t\t\t\t\t\t<\/div>\n\t\t\t\t<\/div>\n\t\t\t\t<\/div>\n\t\t<div class=\"elementor-element elementor-element-1fc0375 e-flex e-con-boxed e-con e-child\" data-id=\"1fc0375\" data-element_type=\"container\">\n\t\t\t\t\t<div class=\"e-con-inner\">\n\t\t<div class=\"elementor-element elementor-element-a6535a0 e-con-full e-flex e-con e-child\" data-id=\"a6535a0\" data-element_type=\"container\">\n\t\t\t\t<div class=\"elementor-element elementor-element-327f49c elementor-widget elementor-widget-heading\" data-id=\"327f49c\" data-element_type=\"widget\" data-widget_type=\"heading.default\">\n\t\t\t\t<div class=\"elementor-widget-container\">\n\t\t\t\t\t<h1 class=\"elementor-heading-title elementor-size-default\">Apoyo a la Comunidad<\/h1>\t\t\t\t<\/div>\n\t\t\t\t<\/div>\n\t\t\t\t<div class=\"elementor-element elementor-element-bffd723 elementor-widget__width-initial elementor-widget elementor-widget-text-editor\" data-id=\"bffd723\" data-element_type=\"widget\" data-widget_type=\"text-editor.default\">\n\t\t\t\t<div class=\"elementor-widget-container\">\n\t\t\t\t\t\t\t\t\t<p>Creemos en el poder de la comunidad para impulsar el cambio. Colaboramos con iniciativas locales para promover pr\u00e1cticas sostenibles y educar a nuestros clientes sobre la importancia de cuidar el medio ambiente.<\/p>\t\t\t\t\t\t\t\t<\/div>\n\t\t\t\t<\/div>\n\t\t\t\t<\/div>\n\t\t<div class=\"elementor-element elementor-element-cc8df1d e-con-full e-flex e-con e-child\" data-id=\"cc8df1d\" data-element_type=\"container\">\n\t\t\t\t<div class=\"elementor-element elementor-element-b448912 elementor-widget elementor-widget-heading\" data-id=\"b448912\" data-element_type=\"widget\" data-widget_type=\"heading.default\">\n\t\t\t\t<div class=\"elementor-widget-container\">\n\t\t\t\t\t<h1 class=\"elementor-heading-title elementor-size-default\">Creciendo con Responsabilidad<\/h1>\t\t\t\t<\/div>\n\t\t\t\t<\/div>\n\t\t\t\t<div class=\"elementor-element elementor-element-9b87f5c elementor-widget__width-initial elementor-widget elementor-widget-text-editor\" data-id=\"9b87f5c\" data-element_type=\"widget\" data-widget_type=\"text-editor.default\">\n\t\t\t\t<div class=\"elementor-widget-container\">\n\t\t\t\t\t\t\t\t\t<p>En Citrium World, nuestro compromiso con la sostenibilidad es un viaje en constante evoluci\u00f3n. Continuamos buscando nuevas formas de mejorar y adaptarnos, para asegurar que nuestras acciones hoy tengan un impacto positivo en el ma\u00f1ana.<\/p>\t\t\t\t\t\t\t\t<\/div>\n\t\t\t\t<\/div>\n\t\t\t\t<\/div>\n\t\t\t\t\t<\/div>\n\t\t\t\t<\/div>\n\t\t\t\t<\/div>\n\t\t<div class=\"elementor-element elementor-element-854870b e-flex e-con-boxed e-con e-parent\" data-id=\"854870b\" data-element_type=\"container\">\n\t\t\t\t\t<div class=\"e-con-inner\">\n\t\t<div class=\"elementor-element elementor-element-1df97d6 e-con-full e-flex e-con e-child\" data-id=\"1df97d6\" data-element_type=\"container\">\n\t\t\t\t<\/div>\n\t\t\t\t\t<\/div>\n\t\t\t\t<\/div>\n\t\t\t\t<\/div>\n\t\t","protected":false},"excerpt":{"rendered":"<p>Sostenibilidad Comprometidos con un futuro m\u00e1s verde En Citrium World, creemos que cada paso cuenta para construir un futuro m\u00e1s sostenible.Aunque no contamos con certificaciones espec\u00edficas, nos esforzamos diariamente para reducir nuestro impacto ambiental y promover pr\u00e1cticas responsables en toda nuestra cadena de producci\u00f3n y distribuci\u00f3n. Nos comprometemos a utilizar recursos de manera eficiente, minimizando [&hellip;]<\/p>\n","protected":false},"author":1,"featured_media":0,"parent":0,"menu_order":0,"comment_status":"closed","ping_status":"closed","template":"","meta":{"footnotes":""},"class_list":["post-35","page","type-page","status-publish","hentry"],"yoast_head":"<!-- This site is optimized with the Yoast SEO plugin v26.7 - https:\/\/yoast.com\/wordpress\/plugins\/seo\/ -->\n<title>Sostenibilidad - Citrium World<\/title>\n<meta name=\"robots\" content=\"index, follow, max-snippet:-1, max-image-preview:large, max-video-preview:-1\" \/>\n<link rel=\"canonical\" href=\"https:\/\/citriumworld.es\/index.php\/sostenibilidad\/\" \/>\n<meta property=\"og:locale\" content=\"es_ES\" \/>\n<meta property=\"og:type\" content=\"article\" \/>\n<meta property=\"og:title\" content=\"Sostenibilidad - Citrium World\" \/>\n<meta property=\"og:description\" content=\"Sostenibilidad Comprometidos con un futuro m\u00e1s verde En Citrium World, creemos que cada paso cuenta para construir un futuro m\u00e1s sostenible.Aunque no contamos con certificaciones espec\u00edficas, nos esforzamos diariamente para reducir nuestro impacto ambiental y promover pr\u00e1cticas responsables en toda nuestra cadena de producci\u00f3n y distribuci\u00f3n. Nos comprometemos a utilizar recursos de manera eficiente, minimizando [&hellip;]\" \/>\n<meta property=\"og:url\" content=\"https:\/\/citriumworld.es\/index.php\/sostenibilidad\/\" \/>\n<meta property=\"og:site_name\" content=\"Citrium World\" \/>\n<meta property=\"article:modified_time\" content=\"2024-08-13T12:22:50+00:00\" \/>\n<meta property=\"og:image\" content=\"https:\/\/citriumworld.com\/wp-content\/uploads\/2024\/08\/reparacion-maquinas-de-frio-hosteleria-1024x683.jpg\" \/>\n<meta name=\"twitter:card\" content=\"summary_large_image\" \/>\n<meta name=\"twitter:label1\" content=\"Tiempo de lectura\" \/>\n\t<meta name=\"twitter:data1\" content=\"2 minutos\" \/>\n<script type=\"application\/ld+json\" class=\"yoast-schema-graph\">{\"@context\":\"https:\/\/schema.org\",\"@graph\":[{\"@type\":\"WebPage\",\"@id\":\"https:\/\/citriumworld.es\/index.php\/sostenibilidad\/\",\"url\":\"https:\/\/citriumworld.es\/index.php\/sostenibilidad\/\",\"name\":\"Sostenibilidad - Citrium World\",\"isPartOf\":{\"@id\":\"https:\/\/citriumworld.es\/#website\"},\"primaryImageOfPage\":{\"@id\":\"https:\/\/citriumworld.es\/index.php\/sostenibilidad\/#primaryimage\"},\"image\":{\"@id\":\"https:\/\/citriumworld.es\/index.php\/sostenibilidad\/#primaryimage\"},\"thumbnailUrl\":\"https:\/\/citriumworld.com\/wp-content\/uploads\/2024\/08\/reparacion-maquinas-de-frio-hosteleria-1024x683.jpg\",\"datePublished\":\"2024-06-19T10:48:18+00:00\",\"dateModified\":\"2024-08-13T12:22:50+00:00\",\"breadcrumb\":{\"@id\":\"https:\/\/citriumworld.es\/index.php\/sostenibilidad\/#breadcrumb\"},\"inLanguage\":\"es\",\"potentialAction\":[{\"@type\":\"ReadAction\",\"target\":[\"https:\/\/citriumworld.es\/index.php\/sostenibilidad\/\"]}]},{\"@type\":\"ImageObject\",\"inLanguage\":\"es\",\"@id\":\"https:\/\/citriumworld.es\/index.php\/sostenibilidad\/#primaryimage\",\"url\":\"https:\/\/citriumworld.com\/wp-content\/uploads\/2024\/08\/reparacion-maquinas-de-frio-hosteleria-1024x683.jpg\",\"contentUrl\":\"https:\/\/citriumworld.com\/wp-content\/uploads\/2024\/08\/reparacion-maquinas-de-frio-hosteleria-1024x683.jpg\"},{\"@type\":\"BreadcrumbList\",\"@id\":\"https:\/\/citriumworld.es\/index.php\/sostenibilidad\/#breadcrumb\",\"itemListElement\":[{\"@type\":\"ListItem\",\"position\":1,\"name\":\"Portada\",\"item\":\"https:\/\/citriumworld.es\/\"},{\"@type\":\"ListItem\",\"position\":2,\"name\":\"Sostenibilidad\"}]},{\"@type\":\"WebSite\",\"@id\":\"https:\/\/citriumworld.es\/#website\",\"url\":\"https:\/\/citriumworld.es\/\",\"name\":\"Citrium World\",\"description\":\"Compa\u00f1\u00eda especializada en fabricaci\u00f3n y distribuci\u00f3n de bebidas\",\"publisher\":{\"@id\":\"https:\/\/citriumworld.es\/#organization\"},\"alternateName\":\"Citrium World\",\"potentialAction\":[{\"@type\":\"SearchAction\",\"target\":{\"@type\":\"EntryPoint\",\"urlTemplate\":\"https:\/\/citriumworld.es\/?s={search_term_string}\"},\"query-input\":{\"@type\":\"PropertyValueSpecification\",\"valueRequired\":true,\"valueName\":\"search_term_string\"}}],\"inLanguage\":\"es\"},{\"@type\":\"Organization\",\"@id\":\"https:\/\/citriumworld.es\/#organization\",\"name\":\"Citrium World\",\"url\":\"https:\/\/citriumworld.es\/\",\"logo\":{\"@type\":\"ImageObject\",\"inLanguage\":\"es\",\"@id\":\"https:\/\/citriumworld.es\/#\/schema\/logo\/image\/\",\"url\":\"https:\/\/citriumworld.es\/wp-content\/uploads\/2024\/06\/LOGOCITRIUMWORLD.png\",\"contentUrl\":\"https:\/\/citriumworld.es\/wp-content\/uploads\/2024\/06\/LOGOCITRIUMWORLD.png\",\"width\":698,\"height\":357,\"caption\":\"Citrium World\"},\"image\":{\"@id\":\"https:\/\/citriumworld.es\/#\/schema\/logo\/image\/\"}}]}<\/script>\n<!-- \/ Yoast SEO plugin. -->","yoast_head_json":{"title":"Sostenibilidad - Citrium World","robots":{"index":"index","follow":"follow","max-snippet":"max-snippet:-1","max-image-preview":"max-image-preview:large","max-video-preview":"max-video-preview:-1"},"canonical":"https:\/\/citriumworld.es\/index.php\/sostenibilidad\/","og_locale":"es_ES","og_type":"article","og_title":"Sostenibilidad - Citrium World","og_description":"Sostenibilidad Comprometidos con un futuro m\u00e1s verde En Citrium World, creemos que cada paso cuenta para construir un futuro m\u00e1s sostenible.Aunque no contamos con certificaciones espec\u00edficas, nos esforzamos diariamente para reducir nuestro impacto ambiental y promover pr\u00e1cticas responsables en toda nuestra cadena de producci\u00f3n y distribuci\u00f3n. Nos comprometemos a utilizar recursos de manera eficiente, minimizando [&hellip;]","og_url":"https:\/\/citriumworld.es\/index.php\/sostenibilidad\/","og_site_name":"Citrium World","article_modified_time":"2024-08-13T12:22:50+00:00","og_image":[{"url":"https:\/\/citriumworld.com\/wp-content\/uploads\/2024\/08\/reparacion-maquinas-de-frio-hosteleria-1024x683.jpg","type":"","width":"","height":""}],"twitter_card":"summary_large_image","twitter_misc":{"Tiempo de lectura":"2 minutos"},"schema":{"@context":"https:\/\/schema.org","@graph":[{"@type":"WebPage","@id":"https:\/\/citriumworld.es\/index.php\/sostenibilidad\/","url":"https:\/\/citriumworld.es\/index.php\/sostenibilidad\/","name":"Sostenibilidad - Citrium World","isPartOf":{"@id":"https:\/\/citriumworld.es\/#website"},"primaryImageOfPage":{"@id":"https:\/\/citriumworld.es\/index.php\/sostenibilidad\/#primaryimage"},"image":{"@id":"https:\/\/citriumworld.es\/index.php\/sostenibilidad\/#primaryimage"},"thumbnailUrl":"https:\/\/citriumworld.com\/wp-content\/uploads\/2024\/08\/reparacion-maquinas-de-frio-hosteleria-1024x683.jpg","datePublished":"2024-06-19T10:48:18+00:00","dateModified":"2024-08-13T12:22:50+00:00","breadcrumb":{"@id":"https:\/\/citriumworld.es\/index.php\/sostenibilidad\/#breadcrumb"},"inLanguage":"es","potentialAction":[{"@type":"ReadAction","target":["https:\/\/citriumworld.es\/index.php\/sostenibilidad\/"]}]},{"@type":"ImageObject","inLanguage":"es","@id":"https:\/\/citriumworld.es\/index.php\/sostenibilidad\/#primaryimage","url":"https:\/\/citriumworld.com\/wp-content\/uploads\/2024\/08\/reparacion-maquinas-de-frio-hosteleria-1024x683.jpg","contentUrl":"https:\/\/citriumworld.com\/wp-content\/uploads\/2024\/08\/reparacion-maquinas-de-frio-hosteleria-1024x683.jpg"},{"@type":"BreadcrumbList","@id":"https:\/\/citriumworld.es\/index.php\/sostenibilidad\/#breadcrumb","itemListElement":[{"@type":"ListItem","position":1,"name":"Portada","item":"https:\/\/citriumworld.es\/"},{"@type":"ListItem","position":2,"name":"Sostenibilidad"}]},{"@type":"WebSite","@id":"https:\/\/citriumworld.es\/#website","url":"https:\/\/citriumworld.es\/","name":"Citrium World","description":"Compa\u00f1\u00eda especializada en fabricaci\u00f3n y distribuci\u00f3n de bebidas","publisher":{"@id":"https:\/\/citriumworld.es\/#organization"},"alternateName":"Citrium World","potentialAction":[{"@type":"SearchAction","target":{"@type":"EntryPoint","urlTemplate":"https:\/\/citriumworld.es\/?s={search_term_string}"},"query-input":{"@type":"PropertyValueSpecification","valueRequired":true,"valueName":"search_term_string"}}],"inLanguage":"es"},{"@type":"Organization","@id":"https:\/\/citriumworld.es\/#organization","name":"Citrium World","url":"https:\/\/citriumworld.es\/","logo":{"@type":"ImageObject","inLanguage":"es","@id":"https:\/\/citriumworld.es\/#\/schema\/logo\/image\/","url":"https:\/\/citriumworld.es\/wp-content\/uploads\/2024\/06\/LOGOCITRIUMWORLD.png","contentUrl":"https:\/\/citriumworld.es\/wp-content\/uploads\/2024\/06\/LOGOCITRIUMWORLD.png","width":698,"height":357,"caption":"Citrium World"},"image":{"@id":"https:\/\/citriumworld.es\/#\/schema\/logo\/image\/"}}]}},"_links":{"self":[{"href":"https:\/\/citriumworld.es\/index.php\/wp-json\/wp\/v2\/pages\/35","targetHints":{"allow":["GET"]}}],"collection":[{"href":"https:\/\/citriumworld.es\/index.php\/wp-json\/wp\/v2\/pages"}],"about":[{"href":"https:\/\/citriumworld.es\/index.php\/wp-json\/wp\/v2\/types\/page"}],"author":[{"embeddable":true,"href":"https:\/\/citriumworld.es\/index.php\/wp-json\/wp\/v2\/users\/1"}],"replies":[{"embeddable":true,"href":"https:\/\/citriumworld.es\/index.php\/wp-json\/wp\/v2\/comments?post=35"}],"version-history":[{"count":25,"href":"https:\/\/citriumworld.es\/index.php\/wp-json\/wp\/v2\/pages\/35\/revisions"}],"predecessor-version":[{"id":829,"href":"https:\/\/citriumworld.es\/index.php\/wp-json\/wp\/v2\/pages\/35\/revisions\/829"}],"wp:attachment":[{"href":"https:\/\/citriumworld.es\/index.php\/wp-json\/wp\/v2\/media?parent=35"}],"curies":[{"name":"wp","href":"https:\/\/api.w.org\/{rel}","templated":true}]}}